{"id":503,"date":"2024-03-20T20:23:32","date_gmt":"2024-03-20T19:23:32","guid":{"rendered":"https:\/\/adepyme.com\/?page_id=503"},"modified":"2024-03-20T20:53:51","modified_gmt":"2024-03-20T19:53:51","slug":"soluciones-2-copy-copy-4","status":"publish","type":"page","link":"https:\/\/adepyme.com\/index.php\/soluciones-2-copy-copy-4\/","title":{"rendered":"Supervisi\u00f3n"},"content":{"rendered":"\n\n\t<h4><strong>Supervisi\u00f3n<\/strong><\/h4>\n<p>La supervisi\u00f3n implica la acci\u00f3n de inspeccionar, controlar, ya sea un trabajo o un tipo de actividad y siempre es ejercida por parte de un profesional superior ampliamente capacitado para tal efecto. Actividad o conjunto de actividades que desarrolla una persona al supervisar y\/o dirigir el trabajo de un grupo de personas, con el fin de lograr de ellas su m\u00e1xima eficiencia y satisfacci\u00f3n mutua.<\/p>\n<p><strong>\u00a0<\/strong><\/p>\n\tAn\u00e1lisis de problemas y toma de decisiones<br \/>\nComunicaci\u00f3n efectiva para supervisores<br \/>\nEl rol del supervisor en las relaciones laborales<br \/>\nEl supervisor y la administraci\u00f3n<br \/>\nEl supervisor y la seguridad<br \/>\nEntrenamiento y desarrollo de supervisores<br \/>\nLa cultura de la calidad en mandos intermedios<br \/>\nMotivaci\u00f3n<br \/>\nSoluci\u00f3n de problemas aplicando herramientas estad\u00edsticas<br \/>\nSupervisi\u00f3n efectiva<br \/>\nT\u00e9cnicas de instrucci\u00f3n para mandos intermedios<br \/>\nT\u00e9cnicas de supervisi\u00f3n<br \/>\nTrabajo en equipo\n\n","protected":false},"excerpt":{"rendered":"<p>Supervisi\u00f3n La supervisi\u00f3n implica la acci\u00f3n de inspeccionar, controlar, ya sea un trabajo o un tipo de actividad y siempre [&hellip;]<\/p>\n","protected":false},"author":1,"featured_media":0,"parent":0,"menu_order":0,"comment_status":"closed","ping_status":"closed","template":"","meta":{"footnotes":""},"class_list":["post-503","page","type-page","status-publish","hentry"],"_links":{"self":[{"href":"https:\/\/adepyme.com\/index.php\/wp-json\/wp\/v2\/pages\/503","targetHints":{"allow":["GET"]}}],"collection":[{"href":"https:\/\/adepyme.com\/index.php\/wp-json\/wp\/v2\/pages"}],"about":[{"href":"https:\/\/adepyme.com\/index.php\/wp-json\/wp\/v2\/types\/page"}],"author":[{"embeddable":true,"href":"https:\/\/adepyme.com\/index.php\/wp-json\/wp\/v2\/users\/1"}],"replies":[{"embeddable":true,"href":"https:\/\/adepyme.com\/index.php\/wp-json\/wp\/v2\/comments?post=503"}],"version-history":[{"count":4,"href":"https:\/\/adepyme.com\/index.php\/wp-json\/wp\/v2\/pages\/503\/revisions"}],"predecessor-version":[{"id":533,"href":"https:\/\/adepyme.com\/index.php\/wp-json\/wp\/v2\/pages\/503\/revisions\/533"}],"wp:attachment":[{"href":"https:\/\/adepyme.com\/index.php\/wp-json\/wp\/v2\/media?parent=503"}],"curies":[{"name":"wp","href":"https:\/\/api.w.org\/{rel}","templated":true}]}}