{"id":497,"date":"2024-03-20T20:21:57","date_gmt":"2024-03-20T19:21:57","guid":{"rendered":"https:\/\/adepyme.com\/?page_id=497"},"modified":"2024-03-20T20:34:20","modified_gmt":"2024-03-20T19:34:20","slug":"soluciones-2-copy-copy","status":"publish","type":"page","link":"https:\/\/adepyme.com\/index.php\/soluciones-2-copy-copy\/","title":{"rendered":"Investigaci\u00f3n"},"content":{"rendered":"\n\n\t<p><strong>Investigaci\u00f3n<\/strong><\/p>\n<p>La investigaci\u00f3n es una actividad que se lleva a cabo con la finalidad de generar conocimiento. El conocimiento es la informaci\u00f3n que hemos adquirido sobre las cosas (la naturaleza) y sobre nosotros mismos. La investigaci\u00f3n tiene como principales objetivos la generaci\u00f3n de conocimiento y la soluci\u00f3n de problemas pr\u00e1cticos.<\/p>\n<p><strong>\u00a0<\/strong><\/p>\n\n","protected":false},"excerpt":{"rendered":"<p>Investigaci\u00f3n La investigaci\u00f3n es una actividad que se lleva a cabo con la finalidad de generar conocimiento. El conocimiento es [&hellip;]<\/p>\n","protected":false},"author":1,"featured_media":0,"parent":0,"menu_order":0,"comment_status":"closed","ping_status":"closed","template":"","meta":{"footnotes":""},"class_list":["post-497","page","type-page","status-publish","hentry"],"_links":{"self":[{"href":"https:\/\/adepyme.com\/index.php\/wp-json\/wp\/v2\/pages\/497","targetHints":{"allow":["GET"]}}],"collection":[{"href":"https:\/\/adepyme.com\/index.php\/wp-json\/wp\/v2\/pages"}],"about":[{"href":"https:\/\/adepyme.com\/index.php\/wp-json\/wp\/v2\/types\/page"}],"author":[{"embeddable":true,"href":"https:\/\/adepyme.com\/index.php\/wp-json\/wp\/v2\/users\/1"}],"replies":[{"embeddable":true,"href":"https:\/\/adepyme.com\/index.php\/wp-json\/wp\/v2\/comments?post=497"}],"version-history":[{"count":2,"href":"https:\/\/adepyme.com\/index.php\/wp-json\/wp\/v2\/pages\/497\/revisions"}],"predecessor-version":[{"id":526,"href":"https:\/\/adepyme.com\/index.php\/wp-json\/wp\/v2\/pages\/497\/revisions\/526"}],"wp:attachment":[{"href":"https:\/\/adepyme.com\/index.php\/wp-json\/wp\/v2\/media?parent=497"}],"curies":[{"name":"wp","href":"https:\/\/api.w.org\/{rel}","templated":true}]}}