{"id":486,"date":"2024-03-19T20:52:14","date_gmt":"2024-03-19T19:52:14","guid":{"rendered":"https:\/\/adepyme.com\/?page_id=486"},"modified":"2024-03-19T21:01:39","modified_gmt":"2024-03-19T20:01:39","slug":"soluciones-2","status":"publish","type":"page","link":"https:\/\/adepyme.com\/index.php\/soluciones-2\/","title":{"rendered":"Soluciones"},"content":{"rendered":"\n\n\t<p><strong>Desarrollo organizacional<\/strong><\/p>\n<p>El desarrollo organizacional es un conjunto de estrategias y t\u00e1cticas planificadas de una empresa compuesta por el talento humano que se acompa\u00f1a de herramientas y\u00a0pr\u00e1cticas\u00a0para alinear los objetivos de la empresa con los de los colaboradores y as\u00ed aumentar su compromiso y productividad. asegurando el funcionamiento y futuro de la empresa.<\/p>\n<p><strong>Habilidades gerenciales<\/strong><\/p>\n<p>Es un hecho que las empresas que han logrado el \u00e9xito cuentan con directivos altamente eficaces en su plantilla de colaboradores, son personas entrenadas en el desarrollo de este tipo de habilidades, que los hacen sumamente competentes. Las empresas modernas han tenido que asumir nuevos modelos administrativos que sean capaces de afrontar y superar los retos actuales. Adem\u00e1s, el entorno vertiginosamente cambiante exige gerentes y directores de gran liderazgo.<\/p>\n<p><strong>Investigaci\u00f3n<\/strong><\/p>\n<p>La investigaci\u00f3n es una actividad que se lleva a cabo con la finalidad de generar conocimiento. El conocimiento es la informaci\u00f3n que hemos adquirido sobre las cosas (la naturaleza) y sobre nosotros mismos. La investigaci\u00f3n tiene como principales objetivos la generaci\u00f3n de conocimiento y la soluci\u00f3n de problemas pr\u00e1cticos.<\/p>\n<p><strong>Manufactura y producci\u00f3n<\/strong><\/p>\n<p>La manufactura y producci\u00f3n son una serie de operaciones que transforman un bien o materia prima en un producto o servicio que implica procedimientos planeados y consecutivos de transformaci\u00f3n de los insumos., se refiere tanto a la creaci\u00f3n de un bien tangible como intangible.<\/p>\n<p><strong>Recursos humanos<\/strong><\/p>\n<p>Conjunto de colaboradores, contratados en un organismo social&#8230;cualquier persona f\u00edsica que posea una vinculaci\u00f3n a una organizaci\u00f3n, sector o econom\u00eda, se considera un recurso humano. El proceso de RH realiza toda gesti\u00f3n relacionada con un trabajador, o varios, del organismo social desempe\u00f1ando esencialmente la funci\u00f3n de admisi\u00f3n, empleo y desarrollo de personal.<\/p>\n<p><strong>Supervisi\u00f3n<\/strong><\/p>\n<p>La supervisi\u00f3n implica la acci\u00f3n de inspeccionar, controlar, ya sea un trabajo o un tipo de actividad y siempre es ejercida por parte de un profesional superior ampliamente capacitado para tal efecto. Actividad o conjunto de actividades que desarrolla una persona al supervisar y\/o dirigir el trabajo de un grupo de personas, con el fin de lograr de ellas su m\u00e1xima eficiencia y satisfacci\u00f3n mutua.<\/p>\n<p><strong>\u00a0<\/strong><\/p>\n<p><strong>M\u00e9todo del caso<\/strong><\/p>\n<p>El m\u00e9todo del caso naci\u00f3 en la facultad de Derecho de Harvard a principios del siglo XX con la idea de que los alumnos de Derecho aprendieran las leyes enfrent\u00e1ndose a casos reales que deb\u00edan analizar, buscar sus propias resoluciones y valorar la actuaci\u00f3n descrita en el caso concreto que se trabajaba. Es una estrategia de aprendizaje que se extendi\u00f3 r\u00e1pidamente a otras ramas del saber, propicia en el que aprende una serie de habilidades importantes como el an\u00e1lisis, la relaci\u00f3n, la toma de decisiones o el di\u00e1logo con los compa\u00f1eros, entre otras.<\/p>\n<p><strong>\u00a0<\/strong><\/p>\n\n","protected":false},"excerpt":{"rendered":"<p>Desarrollo organizacional El desarrollo organizacional es un conjunto de estrategias y t\u00e1cticas planificadas de una empresa compuesta por el talento [&hellip;]<\/p>\n","protected":false},"author":1,"featured_media":0,"parent":0,"menu_order":0,"comment_status":"closed","ping_status":"closed","template":"","meta":{"footnotes":""},"class_list":["post-486","page","type-page","status-publish","hentry"],"_links":{"self":[{"href":"https:\/\/adepyme.com\/index.php\/wp-json\/wp\/v2\/pages\/486","targetHints":{"allow":["GET"]}}],"collection":[{"href":"https:\/\/adepyme.com\/index.php\/wp-json\/wp\/v2\/pages"}],"about":[{"href":"https:\/\/adepyme.com\/index.php\/wp-json\/wp\/v2\/types\/page"}],"author":[{"embeddable":true,"href":"https:\/\/adepyme.com\/index.php\/wp-json\/wp\/v2\/users\/1"}],"replies":[{"embeddable":true,"href":"https:\/\/adepyme.com\/index.php\/wp-json\/wp\/v2\/comments?post=486"}],"version-history":[{"count":2,"href":"https:\/\/adepyme.com\/index.php\/wp-json\/wp\/v2\/pages\/486\/revisions"}],"predecessor-version":[{"id":492,"href":"https:\/\/adepyme.com\/index.php\/wp-json\/wp\/v2\/pages\/486\/revisions\/492"}],"wp:attachment":[{"href":"https:\/\/adepyme.com\/index.php\/wp-json\/wp\/v2\/media?parent=486"}],"curies":[{"name":"wp","href":"https:\/\/api.w.org\/{rel}","templated":true}]}}