{"id":260,"date":"2024-02-20T06:32:19","date_gmt":"2024-02-20T05:32:19","guid":{"rendered":"https:\/\/adepyme.com\/?page_id=260"},"modified":"2024-10-26T11:29:54","modified_gmt":"2024-10-26T18:29:54","slug":"inicio","status":"publish","type":"page","link":"https:\/\/adepyme.com\/index.php\/inicio\/","title":{"rendered":"Inicio"},"content":{"rendered":"\r\n<p><strong>ADEPYME<\/strong> es una empresa de consultor\u00eda en desarrollo de negocios, dise\u00f1ada como una respuesta a los cambios tecnol\u00f3gicos y t\u00e9cnicos en la globalizaci\u00f3n del mercado, fundada en 1996, cuyo prop\u00f3sito es la prestaci\u00f3n de servicios integrales en las \u00e1reas estrat\u00e9gicas de la organizaci\u00f3n ubicada funcionalmente en el sector del conocimiento en gesti\u00f3n organizacional. Contamos con tecnolog\u00eda y metodolog\u00eda propia en este sector que nos garantiza el soporte cient\u00edfico en una continua y constante evoluci\u00f3n de nuestros servicios. Nos diferenciamos en un modo de hacer a trav\u00e9s de tratamiento individualizado con sistemas de realimentaci\u00f3n, que permiten conocer la realidad, mediante un diagn\u00f3stico, para elaborar una estrategia de cambio planeado, aplicando metodolog\u00eda participativa y din\u00e1mica, aportando sistemas concretos de gesti\u00f3n organizacional con garant\u00eda en todos nuestros servicios.<\/p>\r\n<p><strong>MISI\u00d3N\u00a0<\/strong>\u00abContribuir significativamente al desarrollo permanente de las organizaciones en todas sus \u00e1reas de oportunidad, apoy\u00e1ndolas para incrementar la productividad, competitividad, calidad, en el mercado Nacional e Internacional, as\u00ed como desarrollar y preparar el capital humano en el ejercicio de la calidad de vida laboral y organizacional para enfrentar con \u00e9xito los desaf\u00edos del nuevo milenio, entregando siempre, algo m\u00e1s de lo que prometemos basados en nuestra triple condici\u00f3n de consultores; empresarios, pedagogos y profesionales atribuyendo importancia estrat\u00e9gica a la formaci\u00f3n de los dirigentes clase mundial, l\u00edderes del futuro cercano.\u00bb<\/p>\r\n<p><strong>VISI\u00d3N <\/strong>Crear, desarrollar y aplicar servicios de apoyo y sistemas de gesti\u00f3n para la realizaci\u00f3n personal y empresarial orientados a: <em>Identificar sus oportunidades de desarrollo, Mejorar la \u00abproductividad integral\u00bb de las \u00e1reas de trabajo, Colaborar en la exitosa aplicaci\u00f3n del desarrollo gerencial, Redise\u00f1o de la estructura organizacional, tendientes hacia la flexibilidad y crecimiento., etc.<\/em><\/p>\r\n","protected":false},"excerpt":{"rendered":"<p>ADEPYME es una empresa de consultor\u00eda en desarrollo de negocios, dise\u00f1ada como una respuesta a los cambios tecnol\u00f3gicos y t\u00e9cnicos [&hellip;]<\/p>\n","protected":false},"author":1,"featured_media":0,"parent":0,"menu_order":0,"comment_status":"closed","ping_status":"closed","template":"","meta":{"footnotes":""},"class_list":["post-260","page","type-page","status-publish","hentry"],"_links":{"self":[{"href":"https:\/\/adepyme.com\/index.php\/wp-json\/wp\/v2\/pages\/260","targetHints":{"allow":["GET"]}}],"collection":[{"href":"https:\/\/adepyme.com\/index.php\/wp-json\/wp\/v2\/pages"}],"about":[{"href":"https:\/\/adepyme.com\/index.php\/wp-json\/wp\/v2\/types\/page"}],"author":[{"embeddable":true,"href":"https:\/\/adepyme.com\/index.php\/wp-json\/wp\/v2\/users\/1"}],"replies":[{"embeddable":true,"href":"https:\/\/adepyme.com\/index.php\/wp-json\/wp\/v2\/comments?post=260"}],"version-history":[{"count":9,"href":"https:\/\/adepyme.com\/index.php\/wp-json\/wp\/v2\/pages\/260\/revisions"}],"predecessor-version":[{"id":551,"href":"https:\/\/adepyme.com\/index.php\/wp-json\/wp\/v2\/pages\/260\/revisions\/551"}],"wp:attachment":[{"href":"https:\/\/adepyme.com\/index.php\/wp-json\/wp\/v2\/media?parent=260"}],"curies":[{"name":"wp","href":"https:\/\/api.w.org\/{rel}","templated":true}]}}